{"id":596,"date":"2022-12-01T01:50:03","date_gmt":"2022-12-01T00:50:03","guid":{"rendered":"https:\/\/normaloops.fr\/?page_id=596"},"modified":"2024-08-21T18:26:46","modified_gmt":"2024-08-21T16:26:46","slug":"accessibilite","status":"publish","type":"page","link":"https:\/\/normaloops.fr\/index.php\/accessibilite\/","title":{"rendered":"Plan \/ Accessibilit\u00e9"},"content":{"rendered":"\n<h1 class=\"wp-block-heading has-text-align-center BG_H1\">Le plan du site<\/h1>\n\n\n\n<div style=\"height:33px\" aria-hidden=\"true\" class=\"wp-block-spacer\"><\/div>\n\n\n\n<div class=\"wp-block-uagb-container uagb-block-566b53a6 alignwide uagb-is-root-container\"><div class=\"wp-block-image\">\n<figure class=\"aligncenter size-full\"><img decoding=\"async\" width=\"1344\" height=\"1384\" src=\"https:\/\/normaloops.fr\/wp-content\/uploads\/2022\/12\/carte-01.png\" alt=\"\" class=\"wp-image-726\" srcset=\"https:\/\/normaloops.fr\/wp-content\/uploads\/2022\/12\/carte-01.png 1344w, https:\/\/normaloops.fr\/wp-content\/uploads\/2022\/12\/carte-01-291x300.png 291w, https:\/\/normaloops.fr\/wp-content\/uploads\/2022\/12\/carte-01-994x1024.png 994w, https:\/\/normaloops.fr\/wp-content\/uploads\/2022\/12\/carte-01-768x791.png 768w\" sizes=\"(max-width: 1344px) 100vw, 1344px\" \/><\/figure>\n<\/div><\/div>\n\n\n\n<div style=\"height:38px\" aria-hidden=\"true\" class=\"wp-block-spacer\"><\/div>\n\n\n\n<div class=\"wp-block-uagb-container uagb-block-a03274b6 default uagb-is-root-container\">\n<div class=\"wp-block-uagb-container uagb-block-51151f07 default uagb-is-root-container\">\n<div class=\"wp-block-uagb-info-box uagb-block-508ed3d9 uagb-infobox__content-wrap  uagb-infobox-icon-above-title uagb-infobox-image-valign-top\"><div class=\"uagb-ifb-content\"><div class=\"uagb-ifb-image-content\"><img decoding=\"async\" src=\"https:\/\/normaloops.fr\/wp-content\/uploads\/2022\/12\/camera-150x150.png\" alt=\"\" width=\"\" height=\"0\" loading=\"lazy\"\/><\/div><div class=\"uagb-ifb-title-wrap\"><h3 class=\"uagb-ifb-title\">un radar vous a flash\u00e9?<\/h3><\/div><p class=\"uagb-ifb-desc\">Sur le circuit NormaLoops aucun risque de perdre des points<br>mais le plaisir d&rsquo;avoir une photo souvenir a l&rsquo;arriv\u00e9e. <\/p><\/div><\/div>\n<\/div>\n\n\n\n<div class=\"wp-block-uagb-container uagb-block-4b5bfb2b\">\n<div class=\"wp-block-uagb-info-box uagb-block-bfc1ef7c uagb-infobox__content-wrap  uagb-infobox-icon-above-title uagb-infobox-image-valign-top\"><div class=\"uagb-ifb-content\"><div class=\"uagb-ifb-image-content\"><img decoding=\"async\" src=\"https:\/\/normaloops.fr\/wp-content\/uploads\/2022\/12\/tempete-150x150.png\" alt=\"\" width=\"\" height=\"0\" loading=\"lazy\"\/><\/div><div class=\"uagb-ifb-title-wrap\"><h3 class=\"uagb-ifb-title\"><strong>conditions climatiques<\/strong><\/h3><\/div><p class=\"uagb-ifb-desc\">En fonction des<strong> conditions climatiques<\/strong>,<br>l&rsquo;exploitant se r\u00e9serve le droit de <strong>modifier les conditions d&rsquo;acc\u00e8s.<\/strong><br>Billets non remboursables<\/p><\/div><\/div>\n<\/div>\n<\/div>\n\n\n\n<div style=\"height:20px\" aria-hidden=\"true\" class=\"wp-block-spacer\"><\/div>\n\n\n\n<div class=\"wp-block-uagb-container uagb-block-69f2d405 default uagb-is-root-container\">\n<div class=\"wp-block-uagb-container uagb-block-5b9b4270\">\n<div class=\"wp-block-uagb-info-box uagb-block-64405e24 uagb-infobox__content-wrap  uagb-infobox-icon-above-title uagb-infobox-image-valign-top\"><div class=\"uagb-ifb-content\"><div class=\"uagb-ifb-image-content\"><img decoding=\"async\" src=\"https:\/\/normaloops.fr\/wp-content\/uploads\/2022\/12\/map-150x150.png\" alt=\"\" width=\"\" height=\"0\" loading=\"lazy\"\/><\/div><div class=\"uagb-ifb-title-wrap\"><\/div><p class=\"uagb-ifb-desc\"><strong>Vous ne savez pas comment venir nous rendre visite? <br>Pas de panique, on vous explique comment faire ici:<\/strong><\/p><div class=\"uagb-ifb-button-wrapper wp-block-button\"><a href=\"acces\" class=\"uagb-infobox-cta-link wp-block-button__link\" target=\"_self\" rel=\"noopener noreferrer\" onclick=\"return true;\"><span class=\"uagb-inline-editing\">Acc\u00e8s<\/span><\/a><\/div><\/div><\/div>\n<\/div>\n\n\n\n<div class=\"wp-block-uagb-container uagb-block-883904c4\">\n<div class=\"wp-block-uagb-info-box uagb-block-d20a2fd0 uagb-infobox__content-wrap  uagb-infobox-icon-above-title uagb-infobox-image-valign-top\"><div class=\"uagb-ifb-content\"><div class=\"uagb-ifb-image-content\"><img decoding=\"async\" src=\"https:\/\/normaloops.fr\/wp-content\/uploads\/2022\/12\/clock-150x150.png\" alt=\"\" width=\"\" height=\"0\" loading=\"lazy\"\/><\/div><div class=\"uagb-ifb-title-wrap\"><\/div><p class=\"uagb-ifb-desc\">Nous ne sommes pas ouvert tout le temps<br>V\u00e9rifiez les horaires d&rsquo;ouverture avant de venir<\/p><div class=\"uagb-ifb-button-wrapper wp-block-button\"><a href=\"horaires\" class=\"uagb-infobox-cta-link wp-block-button__link\" target=\"_self\" rel=\"noopener noreferrer\" onclick=\"return true;\"><span class=\"uagb-inline-editing\">Horaires<\/span><\/a><\/div><\/div><\/div>\n<\/div>\n<\/div>\n\n\n\n<div style=\"height:100px\" aria-hidden=\"true\" class=\"wp-block-spacer\"><\/div>\n\n\n\n<h1 class=\"wp-block-heading has-text-align-center BG_H1\">Accessibilit\u00e9<\/h1>\n\n\n\n<div style=\"height:36px\" aria-hidden=\"true\" class=\"wp-block-spacer\"><\/div>\n\n\n\n<div class=\"wp-block-uagb-container uagb-block-ebb1c9a1 default uagb-is-root-container\">\n<div class=\"wp-block-uagb-container uagb-block-429b931a\">\n<div class=\"wp-block-uagb-info-box uagb-block-55f63ae4 uagb-infobox__content-wrap  uagb-infobox-icon-above-title uagb-infobox-image-valign-top\"><div class=\"uagb-ifb-content\"><div class=\"uagb-ifb-image-content\"><img decoding=\"async\" src=\"https:\/\/normaloops.fr\/wp-content\/uploads\/2022\/12\/signage-150x150.png\" alt=\"\" width=\"150\" height=\"150\" loading=\"lazy\"\/><\/div><div class=\"uagb-ifb-title-wrap\"><h3 class=\"uagb-ifb-title\"><strong>Parking<\/strong><\/h3><\/div><p class=\"uagb-ifb-desc\">Parking \u00e0 l&rsquo;entr\u00e9e de la luge.<\/p><\/div><\/div>\n<\/div>\n\n\n\n<div class=\"wp-block-uagb-container uagb-block-77ed1d28\">\n<div class=\"wp-block-uagb-info-box uagb-block-0a3d8d90 uagb-infobox__content-wrap  uagb-infobox-icon-above-title uagb-infobox-image-valign-top\"><div class=\"uagb-ifb-content\"><div class=\"uagb-ifb-image-content\"><img decoding=\"async\" src=\"https:\/\/normaloops.fr\/wp-content\/uploads\/2022\/12\/disability-150x150.png\" alt=\"\" width=\"150\" height=\"150\" loading=\"lazy\"\/><\/div><div class=\"uagb-ifb-title-wrap\"><h3 class=\"uagb-ifb-title\">Accessibilit\u00e9 <strong>PMR<\/strong><\/h3><\/div><p class=\"uagb-ifb-desc\">Billetterie adapt\u00e9e.<br>Aide \u00e0 l&#8217;embarquement et au d\u00e9barquement.<\/p><\/div><\/div>\n<\/div>\n\n\n\n<div class=\"wp-block-uagb-container uagb-block-2afcef3c\">\n<div class=\"wp-block-uagb-info-box uagb-block-91a39ef0 uagb-infobox__content-wrap  uagb-infobox-icon-above-title uagb-infobox-image-valign-top\"><div class=\"uagb-ifb-content\"><div class=\"uagb-ifb-image-content\"><img decoding=\"async\" src=\"https:\/\/normaloops.fr\/wp-content\/uploads\/2022\/11\/luge-150x150.png\" alt=\"\" width=\"150\" height=\"150\" loading=\"lazy\"\/><\/div><div class=\"uagb-ifb-title-wrap\"><h3 class=\"uagb-ifb-title\">Remont\u00e9e<\/h3><\/div><p class=\"uagb-ifb-desc\">tr\u00e8s belle remont\u00e9e au milieu des sapins avec une moyenne de 36%.<\/p><\/div><\/div>\n<\/div>\n\n\n\n<div class=\"wp-block-uagb-container uagb-block-e0663f83\">\n<div class=\"wp-block-uagb-info-box uagb-block-c1dde274 uagb-infobox__content-wrap  uagb-infobox-icon-above-title uagb-infobox-image-valign-top\"><div class=\"uagb-ifb-content\"><div class=\"uagb-ifb-image-content\"><img decoding=\"async\" src=\"https:\/\/normaloops.fr\/wp-content\/uploads\/2022\/11\/int_petit.png\" alt=\"\" width=\"50\" height=\"50\" loading=\"lazy\"\/><\/div><div class=\"uagb-ifb-title-wrap\"><h3 class=\"uagb-ifb-title\">Accessibilit\u00e9 enfants<\/h3><\/div><p class=\"uagb-ifb-desc\"><strong>L\u2019acc\u00e8s<\/strong> \u00e0 l\u2019installation est<br><strong>interdit<\/strong> aux <strong>enfants<\/strong> de <strong>moins de 3 ans<\/strong><\/p><\/div><\/div>\n<\/div>\n\n\n\n<div class=\"wp-block-uagb-container uagb-block-1ddd3dfc\">\n<div class=\"wp-block-uagb-info-box uagb-block-9ee181e4 uagb-infobox__content-wrap  uagb-infobox-icon-above-title uagb-infobox-image-valign-top\"><div class=\"uagb-ifb-content\"><div class=\"uagb-ifb-image-content\"><img decoding=\"async\" src=\"https:\/\/normaloops.fr\/wp-content\/uploads\/2022\/11\/int_enceinte.png\" alt=\"\" width=\"50\" height=\"50\" loading=\"lazy\"\/><\/div><div class=\"uagb-ifb-title-wrap\"><h3 class=\"uagb-ifb-title\">femmes enceintes<\/h3><\/div><p class=\"uagb-ifb-desc\"><strong>L\u2019acc\u00e8s<\/strong> \u00e0 l\u2019installation est<br><strong>interdit <\/strong>aux <strong>femmes enceinte<\/strong>s.<\/p><\/div><\/div>\n<\/div>\n\n\n\n<div class=\"wp-block-uagb-container uagb-block-6f747e97\">\n<div class=\"wp-block-uagb-info-box uagb-block-ab7f2203 uagb-infobox__content-wrap  uagb-infobox-icon-above-title uagb-infobox-image-valign-top\"><div class=\"uagb-ifb-content\"><div class=\"uagb-ifb-image-content\"><img decoding=\"async\" src=\"https:\/\/normaloops.fr\/wp-content\/uploads\/2022\/11\/accompagne.png\" alt=\"\" width=\"50\" height=\"50\" loading=\"lazy\"\/><\/div><div class=\"uagb-ifb-title-wrap\"><h3 class=\"uagb-ifb-title\">Enfants accompagn\u00e9s<\/h3><\/div><p class=\"uagb-ifb-desc\">Les <strong>enfants<\/strong> de <strong>moins de <\/strong><br> <strong>moins de 1.40m<\/strong><br>doivent <strong>\u00eatre accompagn\u00e9s.<\/strong><\/p><\/div><\/div>\n<\/div>\n\n\n\n<div class=\"wp-block-uagb-container uagb-block-d6f2602b default uagb-is-root-container\">\n<div class=\"wp-block-uagb-info-box uagb-block-94d2f616 uagb-infobox__content-wrap  uagb-infobox-icon-above-title uagb-infobox-image-valign-top\"><div class=\"uagb-ifb-content\"><div class=\"uagb-ifb-image-content\"><img decoding=\"async\" src=\"https:\/\/normaloops.fr\/wp-content\/uploads\/2022\/12\/interdit-appareil-photo_smartphones.jpg\" alt=\"\" width=\"72\" height=\"36\" loading=\"lazy\"\/><\/div><div class=\"uagb-ifb-title-wrap\"><h3 class=\"uagb-ifb-title\">Interdictions<\/h3><\/div><p class=\"uagb-ifb-desc\"><strong>Les t\u00e9l\u00e9phones portables<\/strong> et <strong>appareils photos<\/strong><br>sont <strong>interdits<\/strong> pendant la descente.<\/p><\/div><\/div>\n<\/div>\n<\/div>\n","protected":false},"excerpt":{"rendered":"<p>Le plan du site Accessibilit\u00e9<\/p>\n","protected":false},"author":1,"featured_media":682,"parent":0,"menu_order":0,"comment_status":"closed","ping_status":"closed","template":"","meta":{"inline_featured_image":false,"_uag_custom_page_level_css":"","footnotes":""},"class_list":["post-596","page","type-page","status-publish","has-post-thumbnail","czr-hentry"],"yoast_head":"<!-- This site is optimized with the Yoast SEO plugin v27.5 - https:\/\/yoast.com\/product\/yoast-seo-wordpress\/ -->\n<title>NormaLoops - Luge 4 saisons sur rails - La Norma<\/title>\n<meta name=\"description\" content=\"luge 4 saisons sur rails - 900m de descente, 150m de d\u00e9nivel\u00e9, 40km\/h vitesse max - 3 vrilles compl\u00e8tes \u00e0 360\u00b0, 10 virages\" \/>\n<meta name=\"robots\" content=\"index, follow, max-snippet:-1, max-image-preview:large, max-video-preview:-1\" \/>\n<link rel=\"canonical\" href=\"https:\/\/normaloops.fr\/index.php\/accessibilite\/\" \/>\n<meta property=\"og:locale\" content=\"fr_FR\" \/>\n<meta property=\"og:type\" content=\"article\" \/>\n<meta property=\"og:title\" content=\"NormaLoops - Luge 4 saisons sur rails - La Norma\" \/>\n<meta property=\"og:description\" content=\"luge 4 saisons sur rails - 900m de descente, 150m de d\u00e9nivel\u00e9, 40km\/h vitesse max - 3 vrilles compl\u00e8tes \u00e0 360\u00b0, 10 virages\" \/>\n<meta property=\"og:url\" content=\"https:\/\/normaloops.fr\/index.php\/accessibilite\/\" \/>\n<meta property=\"og:site_name\" content=\"NormaLoops\" \/>\n<meta property=\"article:publisher\" content=\"https:\/\/www.facebook.com\/profile.php?id=100087389190658\" \/>\n<meta property=\"article:modified_time\" content=\"2024-08-21T16:26:46+00:00\" \/>\n<meta property=\"og:image\" content=\"https:\/\/normaloops.fr\/wp-content\/uploads\/2022\/12\/vrille-1024x576.png\" \/>\n\t<meta property=\"og:image:width\" content=\"1024\" \/>\n\t<meta property=\"og:image:height\" content=\"576\" \/>\n\t<meta property=\"og:image:type\" content=\"image\/png\" \/>\n<meta name=\"twitter:card\" content=\"summary_large_image\" \/>\n<meta name=\"twitter:label1\" content=\"Dur\u00e9e de lecture estim\u00e9e\" \/>\n\t<meta name=\"twitter:data1\" content=\"4 minutes\" \/>\n<script type=\"application\/ld+json\" class=\"yoast-schema-graph\">{\"@context\":\"https:\\\/\\\/schema.org\",\"@graph\":[{\"@type\":\"WebPage\",\"@id\":\"https:\\\/\\\/normaloops.fr\\\/index.php\\\/accessibilite\\\/\",\"url\":\"https:\\\/\\\/normaloops.fr\\\/index.php\\\/accessibilite\\\/\",\"name\":\"NormaLoops - Luge 4 saisons sur rails - La Norma\",\"isPartOf\":{\"@id\":\"https:\\\/\\\/normaloops.fr\\\/#website\"},\"primaryImageOfPage\":{\"@id\":\"https:\\\/\\\/normaloops.fr\\\/index.php\\\/accessibilite\\\/#primaryimage\"},\"image\":{\"@id\":\"https:\\\/\\\/normaloops.fr\\\/index.php\\\/accessibilite\\\/#primaryimage\"},\"thumbnailUrl\":\"https:\\\/\\\/normaloops.fr\\\/wp-content\\\/uploads\\\/2022\\\/12\\\/vrille.png\",\"datePublished\":\"2022-12-01T00:50:03+00:00\",\"dateModified\":\"2024-08-21T16:26:46+00:00\",\"description\":\"luge 4 saisons sur rails - 900m de descente, 150m de d\u00e9nivel\u00e9, 40km\\\/h vitesse max - 3 vrilles compl\u00e8tes \u00e0 360\u00b0, 10 virages\",\"breadcrumb\":{\"@id\":\"https:\\\/\\\/normaloops.fr\\\/index.php\\\/accessibilite\\\/#breadcrumb\"},\"inLanguage\":\"fr-FR\",\"potentialAction\":[{\"@type\":\"ReadAction\",\"target\":[\"https:\\\/\\\/normaloops.fr\\\/index.php\\\/accessibilite\\\/\"]}]},{\"@type\":\"ImageObject\",\"inLanguage\":\"fr-FR\",\"@id\":\"https:\\\/\\\/normaloops.fr\\\/index.php\\\/accessibilite\\\/#primaryimage\",\"url\":\"https:\\\/\\\/normaloops.fr\\\/wp-content\\\/uploads\\\/2022\\\/12\\\/vrille.png\",\"contentUrl\":\"https:\\\/\\\/normaloops.fr\\\/wp-content\\\/uploads\\\/2022\\\/12\\\/vrille.png\",\"width\":1920,\"height\":1080},{\"@type\":\"BreadcrumbList\",\"@id\":\"https:\\\/\\\/normaloops.fr\\\/index.php\\\/accessibilite\\\/#breadcrumb\",\"itemListElement\":[{\"@type\":\"ListItem\",\"position\":1,\"name\":\"Accueil\",\"item\":\"https:\\\/\\\/normaloops.fr\\\/\"},{\"@type\":\"ListItem\",\"position\":2,\"name\":\"Plan \\\/ Accessibilit\u00e9\"}]},{\"@type\":\"WebSite\",\"@id\":\"https:\\\/\\\/normaloops.fr\\\/#website\",\"url\":\"https:\\\/\\\/normaloops.fr\\\/\",\"name\":\"NormaLoops\",\"description\":\"luge 4 saisons - La Norma\",\"publisher\":{\"@id\":\"https:\\\/\\\/normaloops.fr\\\/#organization\"},\"alternateName\":\"Norma Loops\",\"potentialAction\":[{\"@type\":\"SearchAction\",\"target\":{\"@type\":\"EntryPoint\",\"urlTemplate\":\"https:\\\/\\\/normaloops.fr\\\/?s={search_term_string}\"},\"query-input\":{\"@type\":\"PropertyValueSpecification\",\"valueRequired\":true,\"valueName\":\"search_term_string\"}}],\"inLanguage\":\"fr-FR\"},{\"@type\":\"Organization\",\"@id\":\"https:\\\/\\\/normaloops.fr\\\/#organization\",\"name\":\"NormaLoops\",\"alternateName\":\"Norma Loops\",\"url\":\"https:\\\/\\\/normaloops.fr\\\/\",\"logo\":{\"@type\":\"ImageObject\",\"inLanguage\":\"fr-FR\",\"@id\":\"https:\\\/\\\/normaloops.fr\\\/#\\\/schema\\\/logo\\\/image\\\/\",\"url\":\"https:\\\/\\\/normaloops.fr\\\/wp-content\\\/uploads\\\/2022\\\/11\\\/logo_norma_loop.jpg\",\"contentUrl\":\"https:\\\/\\\/normaloops.fr\\\/wp-content\\\/uploads\\\/2022\\\/11\\\/logo_norma_loop.jpg\",\"width\":1792,\"height\":1886,\"caption\":\"NormaLoops\"},\"image\":{\"@id\":\"https:\\\/\\\/normaloops.fr\\\/#\\\/schema\\\/logo\\\/image\\\/\"},\"sameAs\":[\"https:\\\/\\\/www.facebook.com\\\/profile.php?id=100087389190658\",\"https:\\\/\\\/www.youtube.com\\\/@normaloops\"]}]}<\/script>\n<!-- \/ Yoast SEO plugin. -->","yoast_head_json":{"title":"NormaLoops - Luge 4 saisons sur rails - La Norma","description":"luge 4 saisons sur rails - 900m de descente, 150m de d\u00e9nivel\u00e9, 40km\/h vitesse max - 3 vrilles compl\u00e8tes \u00e0 360\u00b0, 10 virages","robots":{"index":"index","follow":"follow","max-snippet":"max-snippet:-1","max-image-preview":"max-image-preview:large","max-video-preview":"max-video-preview:-1"},"canonical":"https:\/\/normaloops.fr\/index.php\/accessibilite\/","og_locale":"fr_FR","og_type":"article","og_title":"NormaLoops - Luge 4 saisons sur rails - La Norma","og_description":"luge 4 saisons sur rails - 900m de descente, 150m de d\u00e9nivel\u00e9, 40km\/h vitesse max - 3 vrilles compl\u00e8tes \u00e0 360\u00b0, 10 virages","og_url":"https:\/\/normaloops.fr\/index.php\/accessibilite\/","og_site_name":"NormaLoops","article_publisher":"https:\/\/www.facebook.com\/profile.php?id=100087389190658","article_modified_time":"2024-08-21T16:26:46+00:00","og_image":[{"width":1024,"height":576,"url":"https:\/\/normaloops.fr\/wp-content\/uploads\/2022\/12\/vrille-1024x576.png","type":"image\/png"}],"twitter_card":"summary_large_image","twitter_misc":{"Dur\u00e9e de lecture estim\u00e9e":"4 minutes"},"schema":{"@context":"https:\/\/schema.org","@graph":[{"@type":"WebPage","@id":"https:\/\/normaloops.fr\/index.php\/accessibilite\/","url":"https:\/\/normaloops.fr\/index.php\/accessibilite\/","name":"NormaLoops - Luge 4 saisons sur rails - La Norma","isPartOf":{"@id":"https:\/\/normaloops.fr\/#website"},"primaryImageOfPage":{"@id":"https:\/\/normaloops.fr\/index.php\/accessibilite\/#primaryimage"},"image":{"@id":"https:\/\/normaloops.fr\/index.php\/accessibilite\/#primaryimage"},"thumbnailUrl":"https:\/\/normaloops.fr\/wp-content\/uploads\/2022\/12\/vrille.png","datePublished":"2022-12-01T00:50:03+00:00","dateModified":"2024-08-21T16:26:46+00:00","description":"luge 4 saisons sur rails - 900m de descente, 150m de d\u00e9nivel\u00e9, 40km\/h vitesse max - 3 vrilles compl\u00e8tes \u00e0 360\u00b0, 10 virages","breadcrumb":{"@id":"https:\/\/normaloops.fr\/index.php\/accessibilite\/#breadcrumb"},"inLanguage":"fr-FR","potentialAction":[{"@type":"ReadAction","target":["https:\/\/normaloops.fr\/index.php\/accessibilite\/"]}]},{"@type":"ImageObject","inLanguage":"fr-FR","@id":"https:\/\/normaloops.fr\/index.php\/accessibilite\/#primaryimage","url":"https:\/\/normaloops.fr\/wp-content\/uploads\/2022\/12\/vrille.png","contentUrl":"https:\/\/normaloops.fr\/wp-content\/uploads\/2022\/12\/vrille.png","width":1920,"height":1080},{"@type":"BreadcrumbList","@id":"https:\/\/normaloops.fr\/index.php\/accessibilite\/#breadcrumb","itemListElement":[{"@type":"ListItem","position":1,"name":"Accueil","item":"https:\/\/normaloops.fr\/"},{"@type":"ListItem","position":2,"name":"Plan \/ Accessibilit\u00e9"}]},{"@type":"WebSite","@id":"https:\/\/normaloops.fr\/#website","url":"https:\/\/normaloops.fr\/","name":"NormaLoops","description":"luge 4 saisons - La Norma","publisher":{"@id":"https:\/\/normaloops.fr\/#organization"},"alternateName":"Norma Loops","potentialAction":[{"@type":"SearchAction","target":{"@type":"EntryPoint","urlTemplate":"https:\/\/normaloops.fr\/?s={search_term_string}"},"query-input":{"@type":"PropertyValueSpecification","valueRequired":true,"valueName":"search_term_string"}}],"inLanguage":"fr-FR"},{"@type":"Organization","@id":"https:\/\/normaloops.fr\/#organization","name":"NormaLoops","alternateName":"Norma Loops","url":"https:\/\/normaloops.fr\/","logo":{"@type":"ImageObject","inLanguage":"fr-FR","@id":"https:\/\/normaloops.fr\/#\/schema\/logo\/image\/","url":"https:\/\/normaloops.fr\/wp-content\/uploads\/2022\/11\/logo_norma_loop.jpg","contentUrl":"https:\/\/normaloops.fr\/wp-content\/uploads\/2022\/11\/logo_norma_loop.jpg","width":1792,"height":1886,"caption":"NormaLoops"},"image":{"@id":"https:\/\/normaloops.fr\/#\/schema\/logo\/image\/"},"sameAs":["https:\/\/www.facebook.com\/profile.php?id=100087389190658","https:\/\/www.youtube.com\/@normaloops"]}]}},"uagb_featured_image_src":{"full":["https:\/\/normaloops.fr\/wp-content\/uploads\/2022\/12\/vrille.png",1920,1080,false],"thumbnail":["https:\/\/normaloops.fr\/wp-content\/uploads\/2022\/12\/vrille-150x150.png",150,150,true],"medium":["https:\/\/normaloops.fr\/wp-content\/uploads\/2022\/12\/vrille-300x169.png",300,169,true],"medium_large":["https:\/\/normaloops.fr\/wp-content\/uploads\/2022\/12\/vrille-768x432.png",768,432,true],"large":["https:\/\/normaloops.fr\/wp-content\/uploads\/2022\/12\/vrille-1024x576.png",1024,576,true],"1536x1536":["https:\/\/normaloops.fr\/wp-content\/uploads\/2022\/12\/vrille-1536x864.png",1536,864,true],"2048x2048":["https:\/\/normaloops.fr\/wp-content\/uploads\/2022\/12\/vrille.png",1920,1080,false],"tc-grid-full":["https:\/\/normaloops.fr\/wp-content\/uploads\/2022\/12\/vrille-1110x444.png",1110,444,true],"tc-grid":["https:\/\/normaloops.fr\/wp-content\/uploads\/2022\/12\/vrille-570x350.png",570,350,true],"tc-thumb":["https:\/\/normaloops.fr\/wp-content\/uploads\/2022\/12\/vrille-270x250.png",270,250,true],"slider-full":["https:\/\/normaloops.fr\/wp-content\/uploads\/2022\/12\/vrille-1920x500.png",1920,500,true],"slider":["https:\/\/normaloops.fr\/wp-content\/uploads\/2022\/12\/vrille-1110x500.png",1110,500,true],"tc-sq-thumb":["https:\/\/normaloops.fr\/wp-content\/uploads\/2022\/12\/vrille-510x510.png",510,510,true],"tc-ws-thumb":["https:\/\/normaloops.fr\/wp-content\/uploads\/2022\/12\/vrille-1110x624.png",1110,624,true],"tc-ws-small-thumb":["https:\/\/normaloops.fr\/wp-content\/uploads\/2022\/12\/vrille-528x297.png",528,297,true],"tc-slider-small":["https:\/\/normaloops.fr\/wp-content\/uploads\/2022\/12\/vrille-517x235.png",517,235,true]},"uagb_author_info":{"display_name":"admin5022","author_link":"https:\/\/normaloops.fr\/index.php\/author\/admin5022\/"},"uagb_comment_info":0,"uagb_excerpt":"Le plan du site Accessibilit\u00e9","_links":{"self":[{"href":"https:\/\/normaloops.fr\/index.php\/wp-json\/wp\/v2\/pages\/596","targetHints":{"allow":["GET"]}}],"collection":[{"href":"https:\/\/normaloops.fr\/index.php\/wp-json\/wp\/v2\/pages"}],"about":[{"href":"https:\/\/normaloops.fr\/index.php\/wp-json\/wp\/v2\/types\/page"}],"author":[{"embeddable":true,"href":"https:\/\/normaloops.fr\/index.php\/wp-json\/wp\/v2\/users\/1"}],"replies":[{"embeddable":true,"href":"https:\/\/normaloops.fr\/index.php\/wp-json\/wp\/v2\/comments?post=596"}],"version-history":[{"count":124,"href":"https:\/\/normaloops.fr\/index.php\/wp-json\/wp\/v2\/pages\/596\/revisions"}],"predecessor-version":[{"id":1626,"href":"https:\/\/normaloops.fr\/index.php\/wp-json\/wp\/v2\/pages\/596\/revisions\/1626"}],"wp:featuredmedia":[{"embeddable":true,"href":"https:\/\/normaloops.fr\/index.php\/wp-json\/wp\/v2\/media\/682"}],"wp:attachment":[{"href":"https:\/\/normaloops.fr\/index.php\/wp-json\/wp\/v2\/media?parent=596"}],"curies":[{"name":"wp","href":"https:\/\/api.w.org\/{rel}","templated":true}]}}