{"id":485,"date":"2022-11-29T23:38:53","date_gmt":"2022-11-29T22:38:53","guid":{"rendered":"https:\/\/normaloops.fr\/?page_id=485"},"modified":"2025-02-21T10:55:10","modified_gmt":"2025-02-21T09:55:10","slug":"accueil","status":"publish","type":"page","link":"https:\/\/normaloops.fr\/","title":{"rendered":"Accueil"},"content":{"rendered":"\n<div class=\"wp-block-uagb-image aligncenter uagb-block-3adbb6c5 wp-block-uagb-image--layout-default wp-block-uagb-image--effect-static wp-block-uagb-image--align-center data-skip-lazy\"><figure class=\"wp-block-uagb-image__figure\"><img decoding=\"async\" srcset=\"https:\/\/normaloops.fr\/wp-content\/uploads\/2022\/11\/Titre-300x235.png \" sizes=\"auto, (max-width: 480px) 150px\" src=\"https:\/\/normaloops.fr\/wp-content\/uploads\/2022\/11\/Titre-300x235.png\" alt=\"\" class=\"uag-image-480\" width=\"300\" height=\"235\" title=\"\" loading=\"lazy\"\/><\/figure><\/div>\n\n\n\n<p>Une fois install\u00e9 et s\u00e9curis\u00e9, c\u2019est parti pour <strong>une descente de 900 m<\/strong> entre les arbres de la for\u00eat de La Norma avec 10 virages, 6 passerelles pour franchir la route et <strong>3 vrilles compl\u00e8tes \u00e0 360\u00b0.<\/strong><\/p>\n\n\n\n<p>Un \u00e9quipement ultra ludique pour un maximum de sensations. <mark style=\"background-color:rgba(0, 0, 0, 0);color:#3b8a11\" class=\"has-inline-color\"><strong>Cette luge est accessible toute l\u2019ann\u00e9e !<\/strong><\/mark><\/p>\n\n\n\n<p>Acc\u00e8s direct depuis l\u2019entr\u00e9e de la station.<br>Une fois en bas de la descente, toujours bien install\u00e9 dans votre luge vous remontez automatiquement (et en ligne droite !) jusqu\u2019\u00e0 votre point de d\u00e9part.<\/p>\n\n\n\n<p><strong>Et l\u00e0\u2026 vous risquez d\u2019avoir envie de repartir imm\u00e9diatement pour un tour !<\/strong><\/p>\n\n\n\n<div class=\"wp-block-uagb-image aligncenter uagb-block-b07f740d wp-block-uagb-image--layout-default wp-block-uagb-image--effect-static wp-block-uagb-image--align-center style-svg uag-hide-mob\"><figure class=\"wp-block-uagb-image__figure\"><img decoding=\"async\" srcset=\"https:\/\/normaloops.fr\/wp-content\/uploads\/2022\/12\/menu_acceuil.svg \" sizes=\"auto, (max-width: 480px) 150px\" src=\"https:\/\/normaloops.fr\/wp-content\/uploads\/2022\/12\/menu_acceuil.svg\" alt=\"\" class=\"uag-image-1161\" width=\"1195\" height=\"411\" title=\"\" loading=\"lazy\" role=\"img\"\/><\/figure><\/div>\n\n\n\n<div class=\"wp-block-uagb-container uagb-block-ac172c55 default uagb-is-root-container\">\n<div class=\"wp-block-uagb-container uagb-block-57677154 alignwide uagb-is-root-container\">\n<div class=\"wp-block-uagb-container uagb-block-a11314a9\">\n<div class=\"wp-block-uagb-info-box uagb-block-3e57527a uagb-infobox__content-wrap  uagb-infobox-icon-above-title uagb-infobox-image-valign-top\"><div class=\"uagb-ifb-content\"><div class=\"uagb-ifb-image-content\"><img decoding=\"async\" src=\"https:\/\/normaloops.fr\/wp-content\/uploads\/2022\/11\/luge-150x150.png\" alt=\"\" width=\"\" height=\"0\" loading=\"lazy\"\/><\/div><div class=\"uagb-ifb-title-wrap\"><h2 class=\"uagb-ifb-title\"><strong>900 m<\/strong><\/h2><\/div><p class=\"uagb-ifb-desc\"><strong>de Glisse<\/strong><\/p><\/div><\/div>\n<\/div>\n\n\n\n<div class=\"wp-block-uagb-container uagb-block-fcfb2fc0\">\n<div class=\"wp-block-uagb-info-box uagb-block-9a2ceb0d uagb-infobox__content-wrap  uagb-infobox-icon-above-title uagb-infobox-image-valign-top\"><div class=\"uagb-ifb-content\"><div class=\"uagb-ifb-image-content\"><img decoding=\"async\" src=\"https:\/\/normaloops.fr\/wp-content\/uploads\/2022\/11\/mountain-150x150.png\" alt=\"\" width=\"\" height=\"0\" loading=\"lazy\"\/><\/div><div class=\"uagb-ifb-title-wrap\"><h2 class=\"uagb-ifb-title\"><strong>150 m<\/strong><\/h2><\/div><p class=\"uagb-ifb-desc\"><strong>de d\u00e9nivel\u00e9<\/strong><\/p><\/div><\/div>\n<\/div>\n\n\n\n<div class=\"wp-block-uagb-container uagb-block-3bce570e\">\n<div class=\"wp-block-uagb-info-box uagb-block-214fe6c2 uagb-infobox__content-wrap  uagb-infobox-icon-above-title uagb-infobox-image-valign-top\"><div class=\"uagb-ifb-content\"><div class=\"uagb-ifb-image-content\"><img decoding=\"async\" src=\"https:\/\/normaloops.fr\/wp-content\/uploads\/2022\/11\/stopwatch-150x150.png\" alt=\"\" width=\"\" height=\"0\" loading=\"lazy\"\/><\/div><div class=\"uagb-ifb-title-wrap\"><h2 class=\"uagb-ifb-title\"><strong>40 Km\/h<\/strong><\/h2><\/div><p class=\"uagb-ifb-desc\"><strong>de vitesse max.<\/strong><\/p><\/div><\/div>\n<\/div>\n\n\n\n<div class=\"wp-block-uagb-container uagb-block-914d73bb\">\n<div class=\"wp-block-uagb-info-box uagb-block-44741a97 uagb-infobox__content-wrap  uagb-infobox-icon-above-title uagb-infobox-image-valign-top\"><div class=\"uagb-ifb-content\"><div class=\"uagb-ifb-image-content\"><img decoding=\"async\" src=\"https:\/\/normaloops.fr\/wp-content\/uploads\/2022\/12\/hurricane-150x150.png\" alt=\"\" width=\"\" height=\"0\" loading=\"lazy\"\/><\/div><div class=\"uagb-ifb-title-wrap\"><h2 class=\"uagb-ifb-title\"><strong>3 vrilles<\/strong><\/h2><\/div><p class=\"uagb-ifb-desc\"><strong>compl\u00e8tes \u00e0 360\u00b0<\/strong><\/p><\/div><\/div>\n<\/div>\n<\/div>\n\n\n\n<div class=\"wp-block-uagb-container uagb-block-5749789d\">\n<p class=\"has-text-align-center has-medium-font-size\"><strong>6 passages de routes \/ 10 virages \/ Une tr\u00e8s belle remont\u00e9e au milieu des sapins<\/strong><\/p>\n<\/div>\n<\/div>\n\n\n\n<div style=\"height:69px\" aria-hidden=\"true\" class=\"wp-block-spacer\"><\/div>\n\n\n\n<h2 class=\"wp-block-heading\">La preuve en image !!!!!<\/h2>\n\n\n\n<figure class=\"wp-block-video\"><video autoplay controls loop preload=\"auto\" src=\"https:\/\/normaloops.fr\/video\/Luge_sur_rail.mp4\" playsinline><\/video><figcaption class=\"wp-element-caption\">vid\u00e9o R\u00e9mi DIMIER<\/figcaption><\/figure>\n\n\n\n<p><\/p>\n","protected":false},"excerpt":{"rendered":"<p>Une fois install\u00e9 et s\u00e9curis\u00e9, c\u2019est parti pour une descente de 900 m entre les arbres de la for\u00eat de La Norma avec 10 virages, 6 passerelles pour franchir la route et 3 vrilles compl\u00e8tes \u00e0 360\u00b0. Un \u00e9quipement ultra ludique pour un maximum de sensations. Cette luge est accessible toute l\u2019ann\u00e9e ! Acc\u00e8s direct [&hellip;]<\/p>\n","protected":false},"author":1,"featured_media":240,"parent":0,"menu_order":0,"comment_status":"closed","ping_status":"closed","template":"","meta":{"inline_featured_image":false,"_uag_custom_page_level_css":"","footnotes":""},"class_list":["post-485","page","type-page","status-publish","has-post-thumbnail","czr-hentry"],"yoast_head":"<!-- This site is optimized with the Yoast SEO plugin v27.3 - https:\/\/yoast.com\/product\/yoast-seo-wordpress\/ -->\n<title>NormaLoops - Luge 4 saisons La norma<\/title>\n<meta name=\"description\" content=\"luge 4 saisons sur rails - 900m de descente, 150m de d\u00e9nivel\u00e9, 40km\/h vitesse max - 3 vrilles compl\u00e8tes \u00e0 360\u00b0, 10 virages\" \/>\n<meta name=\"robots\" content=\"index, follow, max-snippet:-1, max-image-preview:large, max-video-preview:-1\" \/>\n<link rel=\"canonical\" href=\"https:\/\/normaloops.fr\/\" \/>\n<meta property=\"og:locale\" content=\"fr_FR\" \/>\n<meta property=\"og:type\" content=\"article\" \/>\n<meta property=\"og:title\" content=\"NormaLoops - Luge 4 saisons La norma\" \/>\n<meta property=\"og:description\" content=\"luge 4 saisons sur rails - 900m de descente, 150m de d\u00e9nivel\u00e9, 40km\/h vitesse max - 3 vrilles compl\u00e8tes \u00e0 360\u00b0, 10 virages\" \/>\n<meta property=\"og:url\" content=\"https:\/\/normaloops.fr\/\" \/>\n<meta property=\"og:site_name\" content=\"NormaLoops\" \/>\n<meta property=\"article:publisher\" content=\"https:\/\/www.facebook.com\/profile.php?id=100087389190658\" \/>\n<meta property=\"article:modified_time\" content=\"2025-02-21T09:55:10+00:00\" \/>\n<meta property=\"og:image\" content=\"https:\/\/normaloops.fr\/wp-content\/uploads\/2022\/11\/logo_norma_loop_petit.png\" \/>\n\t<meta property=\"og:image:width\" content=\"487\" \/>\n\t<meta property=\"og:image:height\" content=\"512\" \/>\n\t<meta property=\"og:image:type\" content=\"image\/png\" \/>\n<meta name=\"twitter:card\" content=\"summary_large_image\" \/>\n<meta name=\"twitter:label1\" content=\"Dur\u00e9e de lecture estim\u00e9e\" \/>\n\t<meta name=\"twitter:data1\" content=\"3 minutes\" \/>\n<script type=\"application\/ld+json\" class=\"yoast-schema-graph\">{\"@context\":\"https:\\\/\\\/schema.org\",\"@graph\":[{\"@type\":\"WebPage\",\"@id\":\"https:\\\/\\\/normaloops.fr\\\/\",\"url\":\"https:\\\/\\\/normaloops.fr\\\/\",\"name\":\"NormaLoops - Luge 4 saisons La norma\",\"isPartOf\":{\"@id\":\"https:\\\/\\\/normaloops.fr\\\/#website\"},\"primaryImageOfPage\":{\"@id\":\"https:\\\/\\\/normaloops.fr\\\/#primaryimage\"},\"image\":{\"@id\":\"https:\\\/\\\/normaloops.fr\\\/#primaryimage\"},\"thumbnailUrl\":\"https:\\\/\\\/normaloops.fr\\\/wp-content\\\/uploads\\\/2022\\\/11\\\/logo_norma_loop_petit.png\",\"datePublished\":\"2022-11-29T22:38:53+00:00\",\"dateModified\":\"2025-02-21T09:55:10+00:00\",\"description\":\"luge 4 saisons sur rails - 900m de descente, 150m de d\u00e9nivel\u00e9, 40km\\\/h vitesse max - 3 vrilles compl\u00e8tes \u00e0 360\u00b0, 10 virages\",\"breadcrumb\":{\"@id\":\"https:\\\/\\\/normaloops.fr\\\/#breadcrumb\"},\"inLanguage\":\"fr-FR\",\"potentialAction\":[{\"@type\":\"ReadAction\",\"target\":[\"https:\\\/\\\/normaloops.fr\\\/\"]}]},{\"@type\":\"ImageObject\",\"inLanguage\":\"fr-FR\",\"@id\":\"https:\\\/\\\/normaloops.fr\\\/#primaryimage\",\"url\":\"https:\\\/\\\/normaloops.fr\\\/wp-content\\\/uploads\\\/2022\\\/11\\\/logo_norma_loop_petit.png\",\"contentUrl\":\"https:\\\/\\\/normaloops.fr\\\/wp-content\\\/uploads\\\/2022\\\/11\\\/logo_norma_loop_petit.png\",\"width\":487,\"height\":512},{\"@type\":\"BreadcrumbList\",\"@id\":\"https:\\\/\\\/normaloops.fr\\\/#breadcrumb\",\"itemListElement\":[{\"@type\":\"ListItem\",\"position\":1,\"name\":\"Accueil\",\"item\":\"https:\\\/\\\/normaloops.fr\\\/\"},{\"@type\":\"ListItem\",\"position\":2,\"name\":\"Accueil\"}]},{\"@type\":\"WebSite\",\"@id\":\"https:\\\/\\\/normaloops.fr\\\/#website\",\"url\":\"https:\\\/\\\/normaloops.fr\\\/\",\"name\":\"NormaLoops\",\"description\":\"luge 4 saisons - La Norma\",\"publisher\":{\"@id\":\"https:\\\/\\\/normaloops.fr\\\/#organization\"},\"alternateName\":\"Norma Loops\",\"potentialAction\":[{\"@type\":\"SearchAction\",\"target\":{\"@type\":\"EntryPoint\",\"urlTemplate\":\"https:\\\/\\\/normaloops.fr\\\/?s={search_term_string}\"},\"query-input\":{\"@type\":\"PropertyValueSpecification\",\"valueRequired\":true,\"valueName\":\"search_term_string\"}}],\"inLanguage\":\"fr-FR\"},{\"@type\":\"Organization\",\"@id\":\"https:\\\/\\\/normaloops.fr\\\/#organization\",\"name\":\"NormaLoops\",\"alternateName\":\"Norma Loops\",\"url\":\"https:\\\/\\\/normaloops.fr\\\/\",\"logo\":{\"@type\":\"ImageObject\",\"inLanguage\":\"fr-FR\",\"@id\":\"https:\\\/\\\/normaloops.fr\\\/#\\\/schema\\\/logo\\\/image\\\/\",\"url\":\"https:\\\/\\\/normaloops.fr\\\/wp-content\\\/uploads\\\/2022\\\/11\\\/logo_norma_loop.jpg\",\"contentUrl\":\"https:\\\/\\\/normaloops.fr\\\/wp-content\\\/uploads\\\/2022\\\/11\\\/logo_norma_loop.jpg\",\"width\":1792,\"height\":1886,\"caption\":\"NormaLoops\"},\"image\":{\"@id\":\"https:\\\/\\\/normaloops.fr\\\/#\\\/schema\\\/logo\\\/image\\\/\"},\"sameAs\":[\"https:\\\/\\\/www.facebook.com\\\/profile.php?id=100087389190658\",\"https:\\\/\\\/www.youtube.com\\\/@normaloops\"]}]}<\/script>\n<!-- \/ Yoast SEO plugin. -->","yoast_head_json":{"title":"NormaLoops - Luge 4 saisons La norma","description":"luge 4 saisons sur rails - 900m de descente, 150m de d\u00e9nivel\u00e9, 40km\/h vitesse max - 3 vrilles compl\u00e8tes \u00e0 360\u00b0, 10 virages","robots":{"index":"index","follow":"follow","max-snippet":"max-snippet:-1","max-image-preview":"max-image-preview:large","max-video-preview":"max-video-preview:-1"},"canonical":"https:\/\/normaloops.fr\/","og_locale":"fr_FR","og_type":"article","og_title":"NormaLoops - Luge 4 saisons La norma","og_description":"luge 4 saisons sur rails - 900m de descente, 150m de d\u00e9nivel\u00e9, 40km\/h vitesse max - 3 vrilles compl\u00e8tes \u00e0 360\u00b0, 10 virages","og_url":"https:\/\/normaloops.fr\/","og_site_name":"NormaLoops","article_publisher":"https:\/\/www.facebook.com\/profile.php?id=100087389190658","article_modified_time":"2025-02-21T09:55:10+00:00","og_image":[{"width":487,"height":512,"url":"https:\/\/normaloops.fr\/wp-content\/uploads\/2022\/11\/logo_norma_loop_petit.png","type":"image\/png"}],"twitter_card":"summary_large_image","twitter_misc":{"Dur\u00e9e de lecture estim\u00e9e":"3 minutes"},"schema":{"@context":"https:\/\/schema.org","@graph":[{"@type":"WebPage","@id":"https:\/\/normaloops.fr\/","url":"https:\/\/normaloops.fr\/","name":"NormaLoops - Luge 4 saisons La norma","isPartOf":{"@id":"https:\/\/normaloops.fr\/#website"},"primaryImageOfPage":{"@id":"https:\/\/normaloops.fr\/#primaryimage"},"image":{"@id":"https:\/\/normaloops.fr\/#primaryimage"},"thumbnailUrl":"https:\/\/normaloops.fr\/wp-content\/uploads\/2022\/11\/logo_norma_loop_petit.png","datePublished":"2022-11-29T22:38:53+00:00","dateModified":"2025-02-21T09:55:10+00:00","description":"luge 4 saisons sur rails - 900m de descente, 150m de d\u00e9nivel\u00e9, 40km\/h vitesse max - 3 vrilles compl\u00e8tes \u00e0 360\u00b0, 10 virages","breadcrumb":{"@id":"https:\/\/normaloops.fr\/#breadcrumb"},"inLanguage":"fr-FR","potentialAction":[{"@type":"ReadAction","target":["https:\/\/normaloops.fr\/"]}]},{"@type":"ImageObject","inLanguage":"fr-FR","@id":"https:\/\/normaloops.fr\/#primaryimage","url":"https:\/\/normaloops.fr\/wp-content\/uploads\/2022\/11\/logo_norma_loop_petit.png","contentUrl":"https:\/\/normaloops.fr\/wp-content\/uploads\/2022\/11\/logo_norma_loop_petit.png","width":487,"height":512},{"@type":"BreadcrumbList","@id":"https:\/\/normaloops.fr\/#breadcrumb","itemListElement":[{"@type":"ListItem","position":1,"name":"Accueil","item":"https:\/\/normaloops.fr\/"},{"@type":"ListItem","position":2,"name":"Accueil"}]},{"@type":"WebSite","@id":"https:\/\/normaloops.fr\/#website","url":"https:\/\/normaloops.fr\/","name":"NormaLoops","description":"luge 4 saisons - La Norma","publisher":{"@id":"https:\/\/normaloops.fr\/#organization"},"alternateName":"Norma Loops","potentialAction":[{"@type":"SearchAction","target":{"@type":"EntryPoint","urlTemplate":"https:\/\/normaloops.fr\/?s={search_term_string}"},"query-input":{"@type":"PropertyValueSpecification","valueRequired":true,"valueName":"search_term_string"}}],"inLanguage":"fr-FR"},{"@type":"Organization","@id":"https:\/\/normaloops.fr\/#organization","name":"NormaLoops","alternateName":"Norma Loops","url":"https:\/\/normaloops.fr\/","logo":{"@type":"ImageObject","inLanguage":"fr-FR","@id":"https:\/\/normaloops.fr\/#\/schema\/logo\/image\/","url":"https:\/\/normaloops.fr\/wp-content\/uploads\/2022\/11\/logo_norma_loop.jpg","contentUrl":"https:\/\/normaloops.fr\/wp-content\/uploads\/2022\/11\/logo_norma_loop.jpg","width":1792,"height":1886,"caption":"NormaLoops"},"image":{"@id":"https:\/\/normaloops.fr\/#\/schema\/logo\/image\/"},"sameAs":["https:\/\/www.facebook.com\/profile.php?id=100087389190658","https:\/\/www.youtube.com\/@normaloops"]}]}},"uagb_featured_image_src":{"full":["https:\/\/normaloops.fr\/wp-content\/uploads\/2022\/11\/logo_norma_loop_petit.png",487,512,false],"thumbnail":["https:\/\/normaloops.fr\/wp-content\/uploads\/2022\/11\/logo_norma_loop_petit-150x150.png",150,150,true],"medium":["https:\/\/normaloops.fr\/wp-content\/uploads\/2022\/11\/logo_norma_loop_petit-285x300.png",285,300,true],"medium_large":["https:\/\/normaloops.fr\/wp-content\/uploads\/2022\/11\/logo_norma_loop_petit.png",487,512,false],"large":["https:\/\/normaloops.fr\/wp-content\/uploads\/2022\/11\/logo_norma_loop_petit.png",487,512,false],"1536x1536":["https:\/\/normaloops.fr\/wp-content\/uploads\/2022\/11\/logo_norma_loop_petit.png",487,512,false],"2048x2048":["https:\/\/normaloops.fr\/wp-content\/uploads\/2022\/11\/logo_norma_loop_petit.png",487,512,false],"tc-grid-full":["https:\/\/normaloops.fr\/wp-content\/uploads\/2022\/11\/logo_norma_loop_petit-487x444.png",487,444,true],"tc-grid":["https:\/\/normaloops.fr\/wp-content\/uploads\/2022\/11\/logo_norma_loop_petit-487x350.png",487,350,true],"tc-thumb":["https:\/\/normaloops.fr\/wp-content\/uploads\/2022\/11\/logo_norma_loop_petit-270x250.png",270,250,true],"slider-full":["https:\/\/normaloops.fr\/wp-content\/uploads\/2022\/11\/logo_norma_loop_petit-487x500.png",487,500,true],"slider":["https:\/\/normaloops.fr\/wp-content\/uploads\/2022\/11\/logo_norma_loop_petit-487x500.png",487,500,true],"tc-sq-thumb":["https:\/\/normaloops.fr\/wp-content\/uploads\/2022\/11\/logo_norma_loop_petit-487x510.png",487,510,true],"tc-ws-thumb":["https:\/\/normaloops.fr\/wp-content\/uploads\/2022\/11\/logo_norma_loop_petit.png",487,512,false],"tc-ws-small-thumb":["https:\/\/normaloops.fr\/wp-content\/uploads\/2022\/11\/logo_norma_loop_petit-487x297.png",487,297,true],"tc-slider-small":["https:\/\/normaloops.fr\/wp-content\/uploads\/2022\/11\/logo_norma_loop_petit-487x235.png",487,235,true]},"uagb_author_info":{"display_name":"admin5022","author_link":"https:\/\/normaloops.fr\/index.php\/author\/admin5022\/"},"uagb_comment_info":0,"uagb_excerpt":"Une fois install\u00e9 et s\u00e9curis\u00e9, c\u2019est parti pour une descente de 900 m entre les arbres de la for\u00eat de La Norma avec 10 virages, 6 passerelles pour franchir la route et 3 vrilles compl\u00e8tes \u00e0 360\u00b0. Un \u00e9quipement ultra ludique pour un maximum de sensations. Cette luge est accessible toute l\u2019ann\u00e9e ! Acc\u00e8s direct\u2026","_links":{"self":[{"href":"https:\/\/normaloops.fr\/index.php\/wp-json\/wp\/v2\/pages\/485","targetHints":{"allow":["GET"]}}],"collection":[{"href":"https:\/\/normaloops.fr\/index.php\/wp-json\/wp\/v2\/pages"}],"about":[{"href":"https:\/\/normaloops.fr\/index.php\/wp-json\/wp\/v2\/types\/page"}],"author":[{"embeddable":true,"href":"https:\/\/normaloops.fr\/index.php\/wp-json\/wp\/v2\/users\/1"}],"replies":[{"embeddable":true,"href":"https:\/\/normaloops.fr\/index.php\/wp-json\/wp\/v2\/comments?post=485"}],"version-history":[{"count":96,"href":"https:\/\/normaloops.fr\/index.php\/wp-json\/wp\/v2\/pages\/485\/revisions"}],"predecessor-version":[{"id":1662,"href":"https:\/\/normaloops.fr\/index.php\/wp-json\/wp\/v2\/pages\/485\/revisions\/1662"}],"wp:featuredmedia":[{"embeddable":true,"href":"https:\/\/normaloops.fr\/index.php\/wp-json\/wp\/v2\/media\/240"}],"wp:attachment":[{"href":"https:\/\/normaloops.fr\/index.php\/wp-json\/wp\/v2\/media?parent=485"}],"curies":[{"name":"wp","href":"https:\/\/api.w.org\/{rel}","templated":true}]}}