{"id":316,"date":"2022-11-28T03:21:06","date_gmt":"2022-11-28T02:21:06","guid":{"rendered":"http:\/\/normaloops.fr\/?page_id=316"},"modified":"2022-11-28T03:21:07","modified_gmt":"2022-11-28T02:21:07","slug":"actualites","status":"publish","type":"page","link":"https:\/\/normaloops.fr\/index.php\/actualites\/","title":{"rendered":"Actualit\u00e9s"},"content":{"rendered":"\n<p>\/<\/p>\n\n\n\n\t\t\t<div class=\"wp-block-uagb-post-grid uagb-post-grid  uagb-post__image-position-top uagb-post__image-enabled uagb-block-64d8d7b6     uagb-post__items uagb-post__columns-3 is-grid uagb-post__columns-tablet-2 uagb-post__columns-mobile-1 uagb-post__equal-height\" data-total=\"1\" style=\"\">\n\n\t\t\t\t\t\t\t\t\t\t\t\t<article class=\"uagb-post__inner-wrap\">\t\t\t\t\t\t\t\t<div class='uagb-post__image'>\n\t\t\t\t\t\t\t\t\t<a href=\"https:\/\/normaloops.fr\/index.php\/2023\/01\/30\/on-parle-de-nous\/\" target=\"_self\" rel=\"bookmark noopener noreferrer\" class='uagb-image-ratio-inherit'><img decoding=\"async\" width=\"270\" height=\"250\" src=\"https:\/\/normaloops.fr\/wp-content\/uploads\/2023\/01\/328265805_1688611888242001_8953608578605274042_n-270x250.jpg\" class=\"attachment-tc-thumb size-tc-thumb no-lazy\" alt=\"\" \/>\t\t\t\t\t<\/a>\n\t\t\t\t\t\t\t<\/div>\n\t\t\t\t\t\t<h2 class=\"uagb-post__title uagb-post__text\">\n\t\t\t\t<a href=\"https:\/\/normaloops.fr\/index.php\/2023\/01\/30\/on-parle-de-nous\/\" target=\"_self\" rel=\"bookmark noopener noreferrer\">On parle de nous<\/a>\n\t\t\t<\/h2>\n\t\t\t\t\t\t<div class='uagb-post__text uagb-post-grid-byline'>\n\t\t\t\t\t\t\t\t<time datetime=\"2023-01-30T12:27:29+01:00\" class=\"uagb-post__date\">\n\t\t\t\t<span class=\"dashicons-calendar dashicons\"><\/span>\t\t\t\t\t30 janvier 2023\t\t\t\t<\/time>\n\t\t\t\t\t\t<\/div>\n\t\t\t\t\t\t\t<div class='uagb-post__text uagb-post__excerpt'>\n\t\t\t\t\t\t\t\t\t<\/div>\n\t\t\t\t\t\t<div class=\"uagb-post__text uagb-post__cta wp-block-button\">\n\t\t\t\t<a class=\"wp-block-button__link uagb-text-link\" style=\"\" href=\"https:\/\/normaloops.fr\/index.php\/2023\/01\/30\/on-parle-de-nous\/\" target=\"_self\" rel=\"bookmark noopener noreferrer\">Lire la suite<\/a>\n\t\t\t<\/div>\n\t\t\t\n\t\t\t\t\t\t\t\t\t<\/article>\n\t\t\t\t\t\t\t\t\t\t\t\t\t\t\t\t<article class=\"uagb-post__inner-wrap\">\t\t\t\t\t\t\t\t<div class='uagb-post__image'>\n\t\t\t\t\t\t\t\t\t<a href=\"https:\/\/normaloops.fr\/index.php\/2022\/11\/27\/inaugurations-officielles\/\" target=\"_self\" rel=\"bookmark noopener noreferrer\" class='uagb-image-ratio-inherit'><img decoding=\"async\" width=\"270\" height=\"250\" src=\"https:\/\/normaloops.fr\/wp-content\/uploads\/2022\/11\/vecteezy_business-ceremony-modern-opening-blue-dotted-line-line-icon_13309883-270x250.jpg\" class=\"attachment-tc-thumb size-tc-thumb no-lazy\" alt=\"\" \/>\t\t\t\t\t<\/a>\n\t\t\t\t\t\t\t<\/div>\n\t\t\t\t\t\t<h2 class=\"uagb-post__title uagb-post__text\">\n\t\t\t\t<a href=\"https:\/\/normaloops.fr\/index.php\/2022\/11\/27\/inaugurations-officielles\/\" target=\"_self\" rel=\"bookmark noopener noreferrer\">Inaugurations officielles<\/a>\n\t\t\t<\/h2>\n\t\t\t\t\t\t<div class='uagb-post__text uagb-post-grid-byline'>\n\t\t\t\t\t\t\t\t<time datetime=\"2022-11-27T00:48:41+01:00\" class=\"uagb-post__date\">\n\t\t\t\t<span class=\"dashicons-calendar dashicons\"><\/span>\t\t\t\t\t27 novembre 2022\t\t\t\t<\/time>\n\t\t\t\t\t\t<\/div>\n\t\t\t\t\t\t\t<div class='uagb-post__text uagb-post__excerpt'>\n\t\t\t\t\t<p>Vendredi 16 D\u00e9cembre Inaugurations officielles de la luge et de la nouvelle t\u00e9l\u00e9cabine. Ouverture de&#8230;\t\t\t\t<\/div>\n\t\t\t\t\t\t<div class=\"uagb-post__text uagb-post__cta wp-block-button\">\n\t\t\t\t<a class=\"wp-block-button__link uagb-text-link\" style=\"\" href=\"https:\/\/normaloops.fr\/index.php\/2022\/11\/27\/inaugurations-officielles\/\" target=\"_self\" rel=\"bookmark noopener noreferrer\">Lire la suite<\/a>\n\t\t\t<\/div>\n\t\t\t\n\t\t\t\t\t\t\t\t\t<\/article>\n\t\t\t\t\t\t\t\t\t\t\t\t\t\t\t\t<article class=\"uagb-post__inner-wrap\">\t\t\t\t\t\t\t\t<div class='uagb-post__image'>\n\t\t\t\t\t\t\t\t\t<a href=\"https:\/\/normaloops.fr\/index.php\/2022\/11\/26\/les-travaux\/\" target=\"_self\" rel=\"bookmark noopener noreferrer\" class='uagb-image-ratio-inherit'><img decoding=\"async\" width=\"270\" height=\"250\" src=\"https:\/\/normaloops.fr\/wp-content\/uploads\/2022\/11\/314326876_2941240779505920_6214834484680058574_n-270x250.jpg\" class=\"attachment-tc-thumb size-tc-thumb no-lazy\" alt=\"\" \/>\t\t\t\t\t<\/a>\n\t\t\t\t\t\t\t<\/div>\n\t\t\t\t\t\t<h2 class=\"uagb-post__title uagb-post__text\">\n\t\t\t\t<a href=\"https:\/\/normaloops.fr\/index.php\/2022\/11\/26\/les-travaux\/\" target=\"_self\" rel=\"bookmark noopener noreferrer\">Les Travaux<\/a>\n\t\t\t<\/h2>\n\t\t\t\t\t\t<div class='uagb-post__text uagb-post-grid-byline'>\n\t\t\t\t\t\t\t\t<time datetime=\"2022-11-26T01:00:19+01:00\" class=\"uagb-post__date\">\n\t\t\t\t<span class=\"dashicons-calendar dashicons\"><\/span>\t\t\t\t\t26 novembre 2022\t\t\t\t<\/time>\n\t\t\t\t\t\t<\/div>\n\t\t\t\t\t\t\t<div class='uagb-post__text uagb-post__excerpt'>\n\t\t\t\t\tChantier vu de l&rsquo;int\u00e9rieur\t\t\t\t<\/div>\n\t\t\t\t\t\t<div class=\"uagb-post__text uagb-post__cta wp-block-button\">\n\t\t\t\t<a class=\"wp-block-button__link uagb-text-link\" style=\"\" href=\"https:\/\/normaloops.fr\/index.php\/2022\/11\/26\/les-travaux\/\" target=\"_self\" rel=\"bookmark noopener noreferrer\">Lire la suite<\/a>\n\t\t\t<\/div>\n\t\t\t\n\t\t\t\t\t\t\t\t\t<\/article>\n\t\t\t\t\t\t\t\t\t\t\t\t\t<div class=\"uagb-post-pagination-wrap\">\n\t\t\t\t\t\t\t\t\t\t\t<\/div>\n\t\t\t\t\t\t\t\t<\/div>\n\t\t\t","protected":false},"excerpt":{"rendered":"<p>\/<\/p>\n","protected":false},"author":1,"featured_media":317,"parent":0,"menu_order":0,"comment_status":"closed","ping_status":"closed","template":"","meta":{"inline_featured_image":false,"_uag_custom_page_level_css":"","footnotes":""},"class_list":["post-316","page","type-page","status-publish","has-post-thumbnail","czr-hentry"],"yoast_head":"<!-- This site is optimized with the Yoast SEO plugin v27.5 - https:\/\/yoast.com\/product\/yoast-seo-wordpress\/ -->\n<title>NormaLoops - Luge 4 saisons sur rails - La Norma<\/title>\n<meta name=\"description\" content=\"luge 4 saisons sur rails - 900m de descente, 150m de d\u00e9nivel\u00e9, 40km\/h vitesse max - 3 vrilles compl\u00e8tes \u00e0 360\u00b0, 10 virages\" \/>\n<meta name=\"robots\" content=\"index, follow, max-snippet:-1, max-image-preview:large, max-video-preview:-1\" \/>\n<link rel=\"canonical\" href=\"https:\/\/normaloops.fr\/index.php\/actualites\/\" \/>\n<meta property=\"og:locale\" content=\"fr_FR\" \/>\n<meta property=\"og:type\" content=\"article\" \/>\n<meta property=\"og:title\" content=\"NormaLoops - Luge 4 saisons sur rails - La Norma\" \/>\n<meta property=\"og:description\" content=\"luge 4 saisons sur rails - 900m de descente, 150m de d\u00e9nivel\u00e9, 40km\/h vitesse max - 3 vrilles compl\u00e8tes \u00e0 360\u00b0, 10 virages\" \/>\n<meta property=\"og:url\" content=\"https:\/\/normaloops.fr\/index.php\/actualites\/\" \/>\n<meta property=\"og:site_name\" content=\"NormaLoops\" \/>\n<meta property=\"article:publisher\" content=\"https:\/\/www.facebook.com\/profile.php?id=100087389190658\" \/>\n<meta property=\"article:modified_time\" content=\"2022-11-28T02:21:07+00:00\" \/>\n<meta property=\"og:image\" content=\"https:\/\/normaloops.fr\/wp-content\/uploads\/2022\/11\/news-g635c7d880_640.webp\" \/>\n\t<meta property=\"og:image:width\" content=\"640\" \/>\n\t<meta property=\"og:image:height\" content=\"423\" \/>\n\t<meta property=\"og:image:type\" content=\"image\/webp\" \/>\n<meta name=\"twitter:card\" content=\"summary_large_image\" \/>\n<script type=\"application\/ld+json\" class=\"yoast-schema-graph\">{\"@context\":\"https:\\\/\\\/schema.org\",\"@graph\":[{\"@type\":\"WebPage\",\"@id\":\"https:\\\/\\\/normaloops.fr\\\/index.php\\\/actualites\\\/\",\"url\":\"https:\\\/\\\/normaloops.fr\\\/index.php\\\/actualites\\\/\",\"name\":\"NormaLoops - Luge 4 saisons sur rails - La Norma\",\"isPartOf\":{\"@id\":\"https:\\\/\\\/normaloops.fr\\\/#website\"},\"primaryImageOfPage\":{\"@id\":\"https:\\\/\\\/normaloops.fr\\\/index.php\\\/actualites\\\/#primaryimage\"},\"image\":{\"@id\":\"https:\\\/\\\/normaloops.fr\\\/index.php\\\/actualites\\\/#primaryimage\"},\"thumbnailUrl\":\"https:\\\/\\\/normaloops.fr\\\/wp-content\\\/uploads\\\/2022\\\/11\\\/news-g635c7d880_640.webp\",\"datePublished\":\"2022-11-28T02:21:06+00:00\",\"dateModified\":\"2022-11-28T02:21:07+00:00\",\"description\":\"luge 4 saisons sur rails - 900m de descente, 150m de d\u00e9nivel\u00e9, 40km\\\/h vitesse max - 3 vrilles compl\u00e8tes \u00e0 360\u00b0, 10 virages\",\"breadcrumb\":{\"@id\":\"https:\\\/\\\/normaloops.fr\\\/index.php\\\/actualites\\\/#breadcrumb\"},\"inLanguage\":\"fr-FR\",\"potentialAction\":[{\"@type\":\"ReadAction\",\"target\":[\"https:\\\/\\\/normaloops.fr\\\/index.php\\\/actualites\\\/\"]}]},{\"@type\":\"ImageObject\",\"inLanguage\":\"fr-FR\",\"@id\":\"https:\\\/\\\/normaloops.fr\\\/index.php\\\/actualites\\\/#primaryimage\",\"url\":\"https:\\\/\\\/normaloops.fr\\\/wp-content\\\/uploads\\\/2022\\\/11\\\/news-g635c7d880_640.webp\",\"contentUrl\":\"https:\\\/\\\/normaloops.fr\\\/wp-content\\\/uploads\\\/2022\\\/11\\\/news-g635c7d880_640.webp\",\"width\":640,\"height\":423},{\"@type\":\"BreadcrumbList\",\"@id\":\"https:\\\/\\\/normaloops.fr\\\/index.php\\\/actualites\\\/#breadcrumb\",\"itemListElement\":[{\"@type\":\"ListItem\",\"position\":1,\"name\":\"Accueil\",\"item\":\"https:\\\/\\\/normaloops.fr\\\/\"},{\"@type\":\"ListItem\",\"position\":2,\"name\":\"Actualit\u00e9s\"}]},{\"@type\":\"WebSite\",\"@id\":\"https:\\\/\\\/normaloops.fr\\\/#website\",\"url\":\"https:\\\/\\\/normaloops.fr\\\/\",\"name\":\"NormaLoops\",\"description\":\"luge 4 saisons - La Norma\",\"publisher\":{\"@id\":\"https:\\\/\\\/normaloops.fr\\\/#organization\"},\"alternateName\":\"Norma Loops\",\"potentialAction\":[{\"@type\":\"SearchAction\",\"target\":{\"@type\":\"EntryPoint\",\"urlTemplate\":\"https:\\\/\\\/normaloops.fr\\\/?s={search_term_string}\"},\"query-input\":{\"@type\":\"PropertyValueSpecification\",\"valueRequired\":true,\"valueName\":\"search_term_string\"}}],\"inLanguage\":\"fr-FR\"},{\"@type\":\"Organization\",\"@id\":\"https:\\\/\\\/normaloops.fr\\\/#organization\",\"name\":\"NormaLoops\",\"alternateName\":\"Norma Loops\",\"url\":\"https:\\\/\\\/normaloops.fr\\\/\",\"logo\":{\"@type\":\"ImageObject\",\"inLanguage\":\"fr-FR\",\"@id\":\"https:\\\/\\\/normaloops.fr\\\/#\\\/schema\\\/logo\\\/image\\\/\",\"url\":\"https:\\\/\\\/normaloops.fr\\\/wp-content\\\/uploads\\\/2022\\\/11\\\/logo_norma_loop.jpg\",\"contentUrl\":\"https:\\\/\\\/normaloops.fr\\\/wp-content\\\/uploads\\\/2022\\\/11\\\/logo_norma_loop.jpg\",\"width\":1792,\"height\":1886,\"caption\":\"NormaLoops\"},\"image\":{\"@id\":\"https:\\\/\\\/normaloops.fr\\\/#\\\/schema\\\/logo\\\/image\\\/\"},\"sameAs\":[\"https:\\\/\\\/www.facebook.com\\\/profile.php?id=100087389190658\",\"https:\\\/\\\/www.youtube.com\\\/@normaloops\"]}]}<\/script>\n<!-- \/ Yoast SEO plugin. -->","yoast_head_json":{"title":"NormaLoops - Luge 4 saisons sur rails - La Norma","description":"luge 4 saisons sur rails - 900m de descente, 150m de d\u00e9nivel\u00e9, 40km\/h vitesse max - 3 vrilles compl\u00e8tes \u00e0 360\u00b0, 10 virages","robots":{"index":"index","follow":"follow","max-snippet":"max-snippet:-1","max-image-preview":"max-image-preview:large","max-video-preview":"max-video-preview:-1"},"canonical":"https:\/\/normaloops.fr\/index.php\/actualites\/","og_locale":"fr_FR","og_type":"article","og_title":"NormaLoops - Luge 4 saisons sur rails - La Norma","og_description":"luge 4 saisons sur rails - 900m de descente, 150m de d\u00e9nivel\u00e9, 40km\/h vitesse max - 3 vrilles compl\u00e8tes \u00e0 360\u00b0, 10 virages","og_url":"https:\/\/normaloops.fr\/index.php\/actualites\/","og_site_name":"NormaLoops","article_publisher":"https:\/\/www.facebook.com\/profile.php?id=100087389190658","article_modified_time":"2022-11-28T02:21:07+00:00","og_image":[{"width":640,"height":423,"url":"https:\/\/normaloops.fr\/wp-content\/uploads\/2022\/11\/news-g635c7d880_640.webp","type":"image\/webp"}],"twitter_card":"summary_large_image","schema":{"@context":"https:\/\/schema.org","@graph":[{"@type":"WebPage","@id":"https:\/\/normaloops.fr\/index.php\/actualites\/","url":"https:\/\/normaloops.fr\/index.php\/actualites\/","name":"NormaLoops - Luge 4 saisons sur rails - La Norma","isPartOf":{"@id":"https:\/\/normaloops.fr\/#website"},"primaryImageOfPage":{"@id":"https:\/\/normaloops.fr\/index.php\/actualites\/#primaryimage"},"image":{"@id":"https:\/\/normaloops.fr\/index.php\/actualites\/#primaryimage"},"thumbnailUrl":"https:\/\/normaloops.fr\/wp-content\/uploads\/2022\/11\/news-g635c7d880_640.webp","datePublished":"2022-11-28T02:21:06+00:00","dateModified":"2022-11-28T02:21:07+00:00","description":"luge 4 saisons sur rails - 900m de descente, 150m de d\u00e9nivel\u00e9, 40km\/h vitesse max - 3 vrilles compl\u00e8tes \u00e0 360\u00b0, 10 virages","breadcrumb":{"@id":"https:\/\/normaloops.fr\/index.php\/actualites\/#breadcrumb"},"inLanguage":"fr-FR","potentialAction":[{"@type":"ReadAction","target":["https:\/\/normaloops.fr\/index.php\/actualites\/"]}]},{"@type":"ImageObject","inLanguage":"fr-FR","@id":"https:\/\/normaloops.fr\/index.php\/actualites\/#primaryimage","url":"https:\/\/normaloops.fr\/wp-content\/uploads\/2022\/11\/news-g635c7d880_640.webp","contentUrl":"https:\/\/normaloops.fr\/wp-content\/uploads\/2022\/11\/news-g635c7d880_640.webp","width":640,"height":423},{"@type":"BreadcrumbList","@id":"https:\/\/normaloops.fr\/index.php\/actualites\/#breadcrumb","itemListElement":[{"@type":"ListItem","position":1,"name":"Accueil","item":"https:\/\/normaloops.fr\/"},{"@type":"ListItem","position":2,"name":"Actualit\u00e9s"}]},{"@type":"WebSite","@id":"https:\/\/normaloops.fr\/#website","url":"https:\/\/normaloops.fr\/","name":"NormaLoops","description":"luge 4 saisons - La Norma","publisher":{"@id":"https:\/\/normaloops.fr\/#organization"},"alternateName":"Norma Loops","potentialAction":[{"@type":"SearchAction","target":{"@type":"EntryPoint","urlTemplate":"https:\/\/normaloops.fr\/?s={search_term_string}"},"query-input":{"@type":"PropertyValueSpecification","valueRequired":true,"valueName":"search_term_string"}}],"inLanguage":"fr-FR"},{"@type":"Organization","@id":"https:\/\/normaloops.fr\/#organization","name":"NormaLoops","alternateName":"Norma Loops","url":"https:\/\/normaloops.fr\/","logo":{"@type":"ImageObject","inLanguage":"fr-FR","@id":"https:\/\/normaloops.fr\/#\/schema\/logo\/image\/","url":"https:\/\/normaloops.fr\/wp-content\/uploads\/2022\/11\/logo_norma_loop.jpg","contentUrl":"https:\/\/normaloops.fr\/wp-content\/uploads\/2022\/11\/logo_norma_loop.jpg","width":1792,"height":1886,"caption":"NormaLoops"},"image":{"@id":"https:\/\/normaloops.fr\/#\/schema\/logo\/image\/"},"sameAs":["https:\/\/www.facebook.com\/profile.php?id=100087389190658","https:\/\/www.youtube.com\/@normaloops"]}]}},"uagb_featured_image_src":{"full":["https:\/\/normaloops.fr\/wp-content\/uploads\/2022\/11\/news-g635c7d880_640.webp",640,423,false],"thumbnail":["https:\/\/normaloops.fr\/wp-content\/uploads\/2022\/11\/news-g635c7d880_640-150x150.webp",150,150,true],"medium":["https:\/\/normaloops.fr\/wp-content\/uploads\/2022\/11\/news-g635c7d880_640-300x198.webp",300,198,true],"medium_large":["https:\/\/normaloops.fr\/wp-content\/uploads\/2022\/11\/news-g635c7d880_640.webp",640,423,false],"large":["https:\/\/normaloops.fr\/wp-content\/uploads\/2022\/11\/news-g635c7d880_640.webp",640,423,false],"1536x1536":["https:\/\/normaloops.fr\/wp-content\/uploads\/2022\/11\/news-g635c7d880_640.webp",640,423,false],"2048x2048":["https:\/\/normaloops.fr\/wp-content\/uploads\/2022\/11\/news-g635c7d880_640.webp",640,423,false],"tc-grid-full":["https:\/\/normaloops.fr\/wp-content\/uploads\/2022\/11\/news-g635c7d880_640.webp",640,423,false],"tc-grid":["https:\/\/normaloops.fr\/wp-content\/uploads\/2022\/11\/news-g635c7d880_640-570x350.webp",570,350,true],"tc-thumb":["https:\/\/normaloops.fr\/wp-content\/uploads\/2022\/11\/news-g635c7d880_640-270x250.webp",270,250,true],"slider-full":["https:\/\/normaloops.fr\/wp-content\/uploads\/2022\/11\/news-g635c7d880_640.webp",640,423,false],"slider":["https:\/\/normaloops.fr\/wp-content\/uploads\/2022\/11\/news-g635c7d880_640.webp",640,423,false],"tc-sq-thumb":["https:\/\/normaloops.fr\/wp-content\/uploads\/2022\/11\/news-g635c7d880_640-510x423.webp",510,423,true],"tc-ws-thumb":["https:\/\/normaloops.fr\/wp-content\/uploads\/2022\/11\/news-g635c7d880_640.webp",640,423,false],"tc-ws-small-thumb":["https:\/\/normaloops.fr\/wp-content\/uploads\/2022\/11\/news-g635c7d880_640-528x297.webp",528,297,true],"tc-slider-small":["https:\/\/normaloops.fr\/wp-content\/uploads\/2022\/11\/news-g635c7d880_640-517x235.webp",517,235,true]},"uagb_author_info":{"display_name":"admin5022","author_link":"https:\/\/normaloops.fr\/index.php\/author\/admin5022\/"},"uagb_comment_info":0,"uagb_excerpt":"\/","_links":{"self":[{"href":"https:\/\/normaloops.fr\/index.php\/wp-json\/wp\/v2\/pages\/316","targetHints":{"allow":["GET"]}}],"collection":[{"href":"https:\/\/normaloops.fr\/index.php\/wp-json\/wp\/v2\/pages"}],"about":[{"href":"https:\/\/normaloops.fr\/index.php\/wp-json\/wp\/v2\/types\/page"}],"author":[{"embeddable":true,"href":"https:\/\/normaloops.fr\/index.php\/wp-json\/wp\/v2\/users\/1"}],"replies":[{"embeddable":true,"href":"https:\/\/normaloops.fr\/index.php\/wp-json\/wp\/v2\/comments?post=316"}],"version-history":[{"count":2,"href":"https:\/\/normaloops.fr\/index.php\/wp-json\/wp\/v2\/pages\/316\/revisions"}],"predecessor-version":[{"id":486,"href":"https:\/\/normaloops.fr\/index.php\/wp-json\/wp\/v2\/pages\/316\/revisions\/486"}],"wp:featuredmedia":[{"embeddable":true,"href":"https:\/\/normaloops.fr\/index.php\/wp-json\/wp\/v2\/media\/317"}],"wp:attachment":[{"href":"https:\/\/normaloops.fr\/index.php\/wp-json\/wp\/v2\/media?parent=316"}],"curies":[{"name":"wp","href":"https:\/\/api.w.org\/{rel}","templated":true}]}}