{"id":1216,"date":"2022-12-19T09:50:07","date_gmt":"2022-12-19T08:50:07","guid":{"rendered":"https:\/\/normaloops.fr\/?page_id=1216"},"modified":"2022-12-19T09:50:08","modified_gmt":"2022-12-19T08:50:08","slug":"mentions-legales","status":"publish","type":"page","link":"https:\/\/normaloops.fr\/index.php\/mentions-legales\/","title":{"rendered":"Mentions l\u00e9gales"},"content":{"rendered":"\n<p>Conform\u00e9ment \u00e0 l\u2019article 6 de la loi N\u00b02004-575 du 21 juin 2004: pour la confiance dans l\u2019\u00e9conomie num\u00e9rique voici ci dessous l\u2019identit\u00e9 des intervenants \u00e0 la r\u00e9alisation et au suivi du site <a href=\"https:\/\/normaloops.fr\/\">https:\/\/normaloops.fr\/<\/a><\/p>\n\n\n\n<h2 class=\"wp-block-heading\">\u00c9diteur du site<\/h2>\n\n\n\n<div class=\"wp-block-uagb-image uagb-block-7748b615 wp-block-uagb-image--layout-default wp-block-uagb-image--effect-static wp-block-uagb-image--align-none\"><figure class=\"wp-block-uagb-image__figure\"><img decoding=\"async\" srcset=\"https:\/\/normaloops.fr\/wp-content\/uploads\/2022\/11\/logo_norma_loop_petit.png \" src=\"https:\/\/normaloops.fr\/wp-content\/uploads\/2022\/11\/logo_norma_loop_petit.png\" alt=\"\" class=\"uag-image-240\" width=\"176\" height=\"185\" title=\"\" loading=\"lazy\"\/><\/figure><\/div>\n\n\n\n<p><strong>NormaLoops<\/strong><br>110 Rue de l&rsquo;Esseillon,<br>73500 Villarodin-Bourget<br><br><strong>Directeur de la publication<\/strong>\u00a0: maison du tourisme &#8211; La Norma<\/p>\n\n\n\n<h2 class=\"wp-block-heading\">H\u00e9bergement web<\/h2>\n\n\n\n<p>OVH SAS<br>2 rue Kellermann<br>BP 80157<br>59053 ROUBAIX CEDEX 1<br>France<br><a href=\"https:\/\/www.ovh.com\/\" target=\"_blank\" rel=\"noreferrer noopener\">https:\/\/www.ovh.com\/<\/a><\/p>\n\n\n\n<p><strong>Design &amp; SEO :<\/strong> Sylvain FRANCHET<\/p>\n\n\n\n<h2 class=\"wp-block-heading\">Conditions d\u2019utilisation<\/h2>\n\n\n\n<p>Le site accessible par l\u2019url suivante : <a href=\"https:\/\/normaloops.fr\/\">https:\/\/normaloops.fr\/<\/a>\u00a0est exploit\u00e9 dans le respect de la l\u00e9gislation fran\u00e7aise. L\u2019utilisation de ce site est r\u00e9gie par les pr\u00e9sentes conditions g\u00e9n\u00e9rales. En utilisant le site, vous reconnaissez avoir pris connaissance de ces conditions et les avoir accept\u00e9es. Celles-ci pourront \u00eatres modifi\u00e9es \u00e0 tout moment et sans pr\u00e9avis par l\u2019\u00e9diteur du site.<\/p>\n\n\n\n<p>L\u2019\u00e9diteur du site ne saurait \u00eatre tenu pour responsable en aucune mani\u00e8re d\u2019une mauvaise utilisation du service.<\/p>\n\n\n\n<p><\/p>\n","protected":false},"excerpt":{"rendered":"<p>Conform\u00e9ment \u00e0 l\u2019article 6 de la loi N\u00b02004-575 du 21 juin 2004: pour la confiance dans l\u2019\u00e9conomie num\u00e9rique voici ci dessous l\u2019identit\u00e9 des intervenants \u00e0 la r\u00e9alisation et au suivi du site https:\/\/normaloops.fr\/ \u00c9diteur du site NormaLoops110 Rue de l&rsquo;Esseillon,73500 Villarodin-Bourget Directeur de la publication\u00a0: maison du tourisme &#8211; La Norma H\u00e9bergement web OVH SAS2 [&hellip;]<\/p>\n","protected":false},"author":1,"featured_media":0,"parent":0,"menu_order":0,"comment_status":"closed","ping_status":"closed","template":"","meta":{"inline_featured_image":false,"_uag_custom_page_level_css":"","footnotes":""},"class_list":["post-1216","page","type-page","status-publish","czr-hentry"],"yoast_head":"<!-- This site is optimized with the Yoast SEO plugin v27.5 - https:\/\/yoast.com\/product\/yoast-seo-wordpress\/ -->\n<title>NormaLoops - Luge 4 saisons sur rails - La Norma<\/title>\n<meta name=\"description\" content=\"luge 4 saisons sur rails - 900m de descente, 150m de d\u00e9nivel\u00e9, 40km\/h vitesse max - 3 vrilles compl\u00e8tes \u00e0 360\u00b0, 10 virages\" \/>\n<meta name=\"robots\" content=\"index, follow, max-snippet:-1, max-image-preview:large, max-video-preview:-1\" \/>\n<link rel=\"canonical\" href=\"https:\/\/normaloops.fr\/index.php\/mentions-legales\/\" \/>\n<meta property=\"og:locale\" content=\"fr_FR\" \/>\n<meta property=\"og:type\" content=\"article\" \/>\n<meta property=\"og:title\" content=\"NormaLoops - Luge 4 saisons sur rails - La Norma\" \/>\n<meta property=\"og:description\" content=\"luge 4 saisons sur rails - 900m de descente, 150m de d\u00e9nivel\u00e9, 40km\/h vitesse max - 3 vrilles compl\u00e8tes \u00e0 360\u00b0, 10 virages\" \/>\n<meta property=\"og:url\" content=\"https:\/\/normaloops.fr\/index.php\/mentions-legales\/\" \/>\n<meta property=\"og:site_name\" content=\"NormaLoops\" \/>\n<meta property=\"article:publisher\" content=\"https:\/\/www.facebook.com\/profile.php?id=100087389190658\" \/>\n<meta property=\"article:modified_time\" content=\"2022-12-19T08:50:08+00:00\" \/>\n<meta property=\"og:image\" content=\"https:\/\/normaloops.fr\/wp-content\/uploads\/2022\/11\/logo_norma_loop_petit.png\" \/>\n<meta name=\"twitter:card\" content=\"summary_large_image\" \/>\n<meta name=\"twitter:label1\" content=\"Dur\u00e9e de lecture estim\u00e9e\" \/>\n\t<meta name=\"twitter:data1\" content=\"1 minute\" \/>\n<script type=\"application\/ld+json\" class=\"yoast-schema-graph\">{\"@context\":\"https:\\\/\\\/schema.org\",\"@graph\":[{\"@type\":\"WebPage\",\"@id\":\"https:\\\/\\\/normaloops.fr\\\/index.php\\\/mentions-legales\\\/\",\"url\":\"https:\\\/\\\/normaloops.fr\\\/index.php\\\/mentions-legales\\\/\",\"name\":\"NormaLoops - Luge 4 saisons sur rails - La Norma\",\"isPartOf\":{\"@id\":\"https:\\\/\\\/normaloops.fr\\\/#website\"},\"primaryImageOfPage\":{\"@id\":\"https:\\\/\\\/normaloops.fr\\\/index.php\\\/mentions-legales\\\/#primaryimage\"},\"image\":{\"@id\":\"https:\\\/\\\/normaloops.fr\\\/index.php\\\/mentions-legales\\\/#primaryimage\"},\"thumbnailUrl\":\"https:\\\/\\\/normaloops.fr\\\/wp-content\\\/uploads\\\/2022\\\/11\\\/logo_norma_loop_petit.png\",\"datePublished\":\"2022-12-19T08:50:07+00:00\",\"dateModified\":\"2022-12-19T08:50:08+00:00\",\"description\":\"luge 4 saisons sur rails - 900m de descente, 150m de d\u00e9nivel\u00e9, 40km\\\/h vitesse max - 3 vrilles compl\u00e8tes \u00e0 360\u00b0, 10 virages\",\"breadcrumb\":{\"@id\":\"https:\\\/\\\/normaloops.fr\\\/index.php\\\/mentions-legales\\\/#breadcrumb\"},\"inLanguage\":\"fr-FR\",\"potentialAction\":[{\"@type\":\"ReadAction\",\"target\":[\"https:\\\/\\\/normaloops.fr\\\/index.php\\\/mentions-legales\\\/\"]}]},{\"@type\":\"ImageObject\",\"inLanguage\":\"fr-FR\",\"@id\":\"https:\\\/\\\/normaloops.fr\\\/index.php\\\/mentions-legales\\\/#primaryimage\",\"url\":\"https:\\\/\\\/normaloops.fr\\\/wp-content\\\/uploads\\\/2022\\\/11\\\/logo_norma_loop_petit.png\",\"contentUrl\":\"https:\\\/\\\/normaloops.fr\\\/wp-content\\\/uploads\\\/2022\\\/11\\\/logo_norma_loop_petit.png\",\"width\":487,\"height\":512},{\"@type\":\"BreadcrumbList\",\"@id\":\"https:\\\/\\\/normaloops.fr\\\/index.php\\\/mentions-legales\\\/#breadcrumb\",\"itemListElement\":[{\"@type\":\"ListItem\",\"position\":1,\"name\":\"Accueil\",\"item\":\"https:\\\/\\\/normaloops.fr\\\/\"},{\"@type\":\"ListItem\",\"position\":2,\"name\":\"Mentions l\u00e9gales\"}]},{\"@type\":\"WebSite\",\"@id\":\"https:\\\/\\\/normaloops.fr\\\/#website\",\"url\":\"https:\\\/\\\/normaloops.fr\\\/\",\"name\":\"NormaLoops\",\"description\":\"luge 4 saisons - La Norma\",\"publisher\":{\"@id\":\"https:\\\/\\\/normaloops.fr\\\/#organization\"},\"alternateName\":\"Norma Loops\",\"potentialAction\":[{\"@type\":\"SearchAction\",\"target\":{\"@type\":\"EntryPoint\",\"urlTemplate\":\"https:\\\/\\\/normaloops.fr\\\/?s={search_term_string}\"},\"query-input\":{\"@type\":\"PropertyValueSpecification\",\"valueRequired\":true,\"valueName\":\"search_term_string\"}}],\"inLanguage\":\"fr-FR\"},{\"@type\":\"Organization\",\"@id\":\"https:\\\/\\\/normaloops.fr\\\/#organization\",\"name\":\"NormaLoops\",\"alternateName\":\"Norma Loops\",\"url\":\"https:\\\/\\\/normaloops.fr\\\/\",\"logo\":{\"@type\":\"ImageObject\",\"inLanguage\":\"fr-FR\",\"@id\":\"https:\\\/\\\/normaloops.fr\\\/#\\\/schema\\\/logo\\\/image\\\/\",\"url\":\"https:\\\/\\\/normaloops.fr\\\/wp-content\\\/uploads\\\/2022\\\/11\\\/logo_norma_loop.jpg\",\"contentUrl\":\"https:\\\/\\\/normaloops.fr\\\/wp-content\\\/uploads\\\/2022\\\/11\\\/logo_norma_loop.jpg\",\"width\":1792,\"height\":1886,\"caption\":\"NormaLoops\"},\"image\":{\"@id\":\"https:\\\/\\\/normaloops.fr\\\/#\\\/schema\\\/logo\\\/image\\\/\"},\"sameAs\":[\"https:\\\/\\\/www.facebook.com\\\/profile.php?id=100087389190658\",\"https:\\\/\\\/www.youtube.com\\\/@normaloops\"]}]}<\/script>\n<!-- \/ Yoast SEO plugin. -->","yoast_head_json":{"title":"NormaLoops - Luge 4 saisons sur rails - La Norma","description":"luge 4 saisons sur rails - 900m de descente, 150m de d\u00e9nivel\u00e9, 40km\/h vitesse max - 3 vrilles compl\u00e8tes \u00e0 360\u00b0, 10 virages","robots":{"index":"index","follow":"follow","max-snippet":"max-snippet:-1","max-image-preview":"max-image-preview:large","max-video-preview":"max-video-preview:-1"},"canonical":"https:\/\/normaloops.fr\/index.php\/mentions-legales\/","og_locale":"fr_FR","og_type":"article","og_title":"NormaLoops - Luge 4 saisons sur rails - La Norma","og_description":"luge 4 saisons sur rails - 900m de descente, 150m de d\u00e9nivel\u00e9, 40km\/h vitesse max - 3 vrilles compl\u00e8tes \u00e0 360\u00b0, 10 virages","og_url":"https:\/\/normaloops.fr\/index.php\/mentions-legales\/","og_site_name":"NormaLoops","article_publisher":"https:\/\/www.facebook.com\/profile.php?id=100087389190658","article_modified_time":"2022-12-19T08:50:08+00:00","og_image":[{"url":"https:\/\/normaloops.fr\/wp-content\/uploads\/2022\/11\/logo_norma_loop_petit.png","type":"","width":"","height":""}],"twitter_card":"summary_large_image","twitter_misc":{"Dur\u00e9e de lecture estim\u00e9e":"1 minute"},"schema":{"@context":"https:\/\/schema.org","@graph":[{"@type":"WebPage","@id":"https:\/\/normaloops.fr\/index.php\/mentions-legales\/","url":"https:\/\/normaloops.fr\/index.php\/mentions-legales\/","name":"NormaLoops - Luge 4 saisons sur rails - La Norma","isPartOf":{"@id":"https:\/\/normaloops.fr\/#website"},"primaryImageOfPage":{"@id":"https:\/\/normaloops.fr\/index.php\/mentions-legales\/#primaryimage"},"image":{"@id":"https:\/\/normaloops.fr\/index.php\/mentions-legales\/#primaryimage"},"thumbnailUrl":"https:\/\/normaloops.fr\/wp-content\/uploads\/2022\/11\/logo_norma_loop_petit.png","datePublished":"2022-12-19T08:50:07+00:00","dateModified":"2022-12-19T08:50:08+00:00","description":"luge 4 saisons sur rails - 900m de descente, 150m de d\u00e9nivel\u00e9, 40km\/h vitesse max - 3 vrilles compl\u00e8tes \u00e0 360\u00b0, 10 virages","breadcrumb":{"@id":"https:\/\/normaloops.fr\/index.php\/mentions-legales\/#breadcrumb"},"inLanguage":"fr-FR","potentialAction":[{"@type":"ReadAction","target":["https:\/\/normaloops.fr\/index.php\/mentions-legales\/"]}]},{"@type":"ImageObject","inLanguage":"fr-FR","@id":"https:\/\/normaloops.fr\/index.php\/mentions-legales\/#primaryimage","url":"https:\/\/normaloops.fr\/wp-content\/uploads\/2022\/11\/logo_norma_loop_petit.png","contentUrl":"https:\/\/normaloops.fr\/wp-content\/uploads\/2022\/11\/logo_norma_loop_petit.png","width":487,"height":512},{"@type":"BreadcrumbList","@id":"https:\/\/normaloops.fr\/index.php\/mentions-legales\/#breadcrumb","itemListElement":[{"@type":"ListItem","position":1,"name":"Accueil","item":"https:\/\/normaloops.fr\/"},{"@type":"ListItem","position":2,"name":"Mentions l\u00e9gales"}]},{"@type":"WebSite","@id":"https:\/\/normaloops.fr\/#website","url":"https:\/\/normaloops.fr\/","name":"NormaLoops","description":"luge 4 saisons - La Norma","publisher":{"@id":"https:\/\/normaloops.fr\/#organization"},"alternateName":"Norma Loops","potentialAction":[{"@type":"SearchAction","target":{"@type":"EntryPoint","urlTemplate":"https:\/\/normaloops.fr\/?s={search_term_string}"},"query-input":{"@type":"PropertyValueSpecification","valueRequired":true,"valueName":"search_term_string"}}],"inLanguage":"fr-FR"},{"@type":"Organization","@id":"https:\/\/normaloops.fr\/#organization","name":"NormaLoops","alternateName":"Norma Loops","url":"https:\/\/normaloops.fr\/","logo":{"@type":"ImageObject","inLanguage":"fr-FR","@id":"https:\/\/normaloops.fr\/#\/schema\/logo\/image\/","url":"https:\/\/normaloops.fr\/wp-content\/uploads\/2022\/11\/logo_norma_loop.jpg","contentUrl":"https:\/\/normaloops.fr\/wp-content\/uploads\/2022\/11\/logo_norma_loop.jpg","width":1792,"height":1886,"caption":"NormaLoops"},"image":{"@id":"https:\/\/normaloops.fr\/#\/schema\/logo\/image\/"},"sameAs":["https:\/\/www.facebook.com\/profile.php?id=100087389190658","https:\/\/www.youtube.com\/@normaloops"]}]}},"uagb_featured_image_src":{"full":false,"thumbnail":false,"medium":false,"medium_large":false,"large":false,"1536x1536":false,"2048x2048":false,"tc-grid-full":false,"tc-grid":false,"tc-thumb":false,"slider-full":false,"slider":false,"tc-sq-thumb":false,"tc-ws-thumb":false,"tc-ws-small-thumb":false,"tc-slider-small":false},"uagb_author_info":{"display_name":"admin5022","author_link":"https:\/\/normaloops.fr\/index.php\/author\/admin5022\/"},"uagb_comment_info":0,"uagb_excerpt":"Conform\u00e9ment \u00e0 l\u2019article 6 de la loi N\u00b02004-575 du 21 juin 2004: pour la confiance dans l\u2019\u00e9conomie num\u00e9rique voici ci dessous l\u2019identit\u00e9 des intervenants \u00e0 la r\u00e9alisation et au suivi du site https:\/\/normaloops.fr\/ \u00c9diteur du site NormaLoops110 Rue de l&rsquo;Esseillon,73500 Villarodin-Bourget Directeur de la publication\u00a0: maison du tourisme &#8211; La Norma H\u00e9bergement web OVH SAS2\u2026","_links":{"self":[{"href":"https:\/\/normaloops.fr\/index.php\/wp-json\/wp\/v2\/pages\/1216","targetHints":{"allow":["GET"]}}],"collection":[{"href":"https:\/\/normaloops.fr\/index.php\/wp-json\/wp\/v2\/pages"}],"about":[{"href":"https:\/\/normaloops.fr\/index.php\/wp-json\/wp\/v2\/types\/page"}],"author":[{"embeddable":true,"href":"https:\/\/normaloops.fr\/index.php\/wp-json\/wp\/v2\/users\/1"}],"replies":[{"embeddable":true,"href":"https:\/\/normaloops.fr\/index.php\/wp-json\/wp\/v2\/comments?post=1216"}],"version-history":[{"count":1,"href":"https:\/\/normaloops.fr\/index.php\/wp-json\/wp\/v2\/pages\/1216\/revisions"}],"predecessor-version":[{"id":1217,"href":"https:\/\/normaloops.fr\/index.php\/wp-json\/wp\/v2\/pages\/1216\/revisions\/1217"}],"wp:attachment":[{"href":"https:\/\/normaloops.fr\/index.php\/wp-json\/wp\/v2\/media?parent=1216"}],"curies":[{"name":"wp","href":"https:\/\/api.w.org\/{rel}","templated":true}]}}